{"id":115,"date":"2012-05-24T12:22:40","date_gmt":"2012-05-24T12:22:40","guid":{"rendered":"https:\/\/www.kvalitetsmoebler.dk\/de\/?page_id=115"},"modified":"2012-06-15T14:21:11","modified_gmt":"2012-06-15T14:21:11","slug":"special-mal","status":"publish","type":"page","link":"https:\/\/www.kvalitetsmoebler.dk\/de\/special-mal\/","title":{"rendered":"Spezielle Gr\u00f6\u00dfe"},"content":{"rendered":"<p><strong>Besondere W\u00fcnsche<\/strong><\/p>\n<p>Gelegentlich besteht das Kundenbed\u00fcrfnis, den Tisch 10 cm k\u00fcrzer oder breiter zu bekommen, oder der Anrichte mit Glasplatten statt Regalbrettern auszustatten.<\/p>\n<p>Das ist auch schon m\u00f6glich, und zwar ohne einen einzigen Vorbehalt. Die 24 Monate Garantie und das 14 Tage R\u00fcckgaberecht gelten selbstverst\u00e4ndlich weiter. Das einzelne M\u00f6belst\u00fcck hergestellt zu bekommen, nimmt jedoch 4-6 Wochen in Anspruch.<\/p>\n<p>Will der Kunde eine andere \u00d6lung als die wei\u00dfpigmentierte aus der Fabrik, oder will der Kunde keine \u00d6lung \u00fcberhaupt, gilt dasselbe. 4-6 Wochen vergehen von der Bestellung des M\u00f6belst\u00fccks bis zur Lieferung und Montierung im Haus des Kunden<\/p>\n<p class=\"aligncenter\"><img src=\"https:\/\/www.kvalitetsmoebler.dk\/de\/wp-content\/uploads\/2012\/05\/1103-1032Specialmaal.jpg\" alt=\"\" \/><\/p>\n<p>&nbsp;<\/p>\n","protected":false},"excerpt":{"rendered":"<p>Besondere W\u00fcnsche Gelegentlich besteht das Kundenbed\u00fcrfnis, den Tisch 10 cm k\u00fcrzer oder breiter zu bekommen, oder der Anrichte mit Glasplatten statt Regalbrettern auszustatten. Das ist auch schon m\u00f6glich, und zwar ohne einen einzigen Vorbehalt. Die 24 Monate Garantie und das 14 Tage R\u00fcckgaberecht gelten selbstverst\u00e4ndlich weiter. Das einzelne M\u00f6belst\u00fcck hergestellt zu bekommen, nimmt jedoch 4-6 [&hellip;]<\/p>\n","protected":false},"author":1,"featured_media":0,"parent":0,"menu_order":0,"comment_status":"open","ping_status":"open","template":"","meta":[],"yoast_head":"<!-- This site is optimized with the Yoast SEO plugin v14.4.1 - https:\/\/yoast.com\/wordpress\/plugins\/seo\/ -->\n<meta name=\"description\" content=\"Von Zeit zu Zeit wird es ein Kunde ben\u00f6tigt f\u00fcr den Tisch 10cm oder 10cm breiter oder k\u00fcrzer Bar mit Glasb\u00f6den anstelle von den Regalen und umgekehrt. Es kann auch geschehen, ohne einen einzigen Vorbehalt. Nat\u00fcrlich gibt es noch 24 Monate Garantie und 14 Tage R\u00fcckgaberecht. Es l\u00e4uft jedoch 4-6 Wochen zu produzierenden jedes M\u00f6belst\u00fcck zu werden. W\u00fcnscht der Kunde eine zweite \u00d6lung als die Fabrik wei\u00df pigmentierten \u00d6l M\u00f6bel, oder wollen die Kunden kein \u00d6l Ring ist das gleiche System. 4-6 Wochen von der Bestellung des Kunden M\u00f6bel, bis es geliefert wird und sich der Wohnung des Kunden eingestellt. Beachten Sie, dass ist nat\u00fcrlich die gleichen Rechte auf Sie als Kunden auf einem speziell angefertigten M\u00f6beln, \u00e4hnlich wie bei einem Standard-M\u00f6belst\u00fcck. keine Reservierung und nat\u00fcrlich die 24 Monate Garantie und 14 Tage R\u00fcckgaberecht .. Wie ..\" \/>\n<meta name=\"robots\" content=\"index, follow\" \/>\n<meta name=\"googlebot\" content=\"index, follow, max-snippet:-1, max-image-preview:large, max-video-preview:-1\" \/>\n<meta name=\"bingbot\" content=\"index, follow, max-snippet:-1, max-image-preview:large, max-video-preview:-1\" \/>\n<link rel=\"canonical\" href=\"https:\/\/www.kvalitetsmoebler.dk\/de\/special-mal\/\" \/>\n<meta name=\"twitter:card\" content=\"summary_large_image\" \/>\n<meta name=\"twitter:title\" content=\"Sondergr\u00f6\u00dfen.\" \/>\n<meta name=\"twitter:description\" content=\"Von Zeit zu Zeit wird es ein Kunde ben\u00f6tigt f\u00fcr den Tisch 10cm oder 10cm breiter oder k\u00fcrzer Bar mit Glasb\u00f6den anstelle von den Regalen und umgekehrt. Es kann auch geschehen, ohne einen einzigen Vorbehalt. Nat\u00fcrlich gibt es noch 24 Monate Garantie und 14 Tage R\u00fcckgaberecht. Es l\u00e4uft jedoch 4-6 Wochen zu produzierenden jedes M\u00f6belst\u00fcck zu werden. W\u00fcnscht der Kunde eine zweite \u00d6lung als die Fabrik wei\u00df pigmentierten \u00d6l M\u00f6bel, oder wollen die Kunden kein \u00d6l Ring ist das gleiche System. 4-6 Wochen von der Bestellung des Kunden M\u00f6bel, bis es geliefert wird und sich der Wohnung des Kunden eingestellt. Beachten Sie, dass ist nat\u00fcrlich die gleichen Rechte auf Sie als Kunden auf einem speziell angefertigten M\u00f6beln, \u00e4hnlich wie bei einem Standard-M\u00f6belst\u00fcck. keine Reservierung und nat\u00fcrlich die 24 Monate Garantie und 14 Tage R\u00fcckgaberecht .. Wie ..\" \/>\n<meta name=\"twitter:image\" content=\"https:\/\/www.kvalitetsmoebler.dk\/de\/wp-content\/uploads\/2012\/05\/1103-1032Specialmaal.jpg\" \/>\n<meta name=\"twitter:creator\" content=\"@webcoders\" \/>\n<script type=\"application\/ld+json\" class=\"yoast-schema-graph\">{\"@context\":\"https:\/\/schema.org\",\"@graph\":[{\"@type\":\"WebSite\",\"@id\":\"https:\/\/www.kvalitetsmoebler.dk\/de\/#website\",\"url\":\"https:\/\/www.kvalitetsmoebler.dk\/de\/\",\"name\":\"Kvalitetsmoebler.dk\",\"description\":\"M\\u00f6bel aus Eichenholz bester Qualit\\u00e4t\",\"potentialAction\":[{\"@type\":\"SearchAction\",\"target\":\"https:\/\/www.kvalitetsmoebler.dk\/de\/?s={search_term_string}\",\"query-input\":\"required name=search_term_string\"}],\"inLanguage\":\"de-DE\"},{\"@type\":\"ImageObject\",\"@id\":\"https:\/\/www.kvalitetsmoebler.dk\/de\/special-mal\/#primaryimage\",\"inLanguage\":\"de-DE\",\"url\":\"https:\/\/www.kvalitetsmoebler.dk\/de\/wp-content\/uploads\/2012\/05\/1103-1032Specialmaal.jpg\",\"width\":\"650\",\"height\":\"385\"},{\"@type\":\"WebPage\",\"@id\":\"https:\/\/www.kvalitetsmoebler.dk\/de\/special-mal\/#webpage\",\"url\":\"https:\/\/www.kvalitetsmoebler.dk\/de\/special-mal\/\",\"name\":\"Sondergr\\u00f6\\u00dfen.\",\"isPartOf\":{\"@id\":\"https:\/\/www.kvalitetsmoebler.dk\/de\/#website\"},\"primaryImageOfPage\":{\"@id\":\"https:\/\/www.kvalitetsmoebler.dk\/de\/special-mal\/#primaryimage\"},\"datePublished\":\"2012-05-24T12:22:40+00:00\",\"dateModified\":\"2012-06-15T14:21:11+00:00\",\"description\":\"Von Zeit zu Zeit wird es ein Kunde ben\\u00f6tigt f\\u00fcr den Tisch 10cm oder 10cm breiter oder k\\u00fcrzer Bar mit Glasb\\u00f6den anstelle von den Regalen und umgekehrt. Es kann auch geschehen, ohne einen einzigen Vorbehalt. Nat\\u00fcrlich gibt es noch 24 Monate Garantie und 14 Tage R\\u00fcckgaberecht. Es l\\u00e4uft jedoch 4-6 Wochen zu produzierenden jedes M\\u00f6belst\\u00fcck zu werden. W\\u00fcnscht der Kunde eine zweite \\u00d6lung als die Fabrik wei\\u00df pigmentierten \\u00d6l M\\u00f6bel, oder wollen die Kunden kein \\u00d6l Ring ist das gleiche System. 4-6 Wochen von der Bestellung des Kunden M\\u00f6bel, bis es geliefert wird und sich der Wohnung des Kunden eingestellt. Beachten Sie, dass ist nat\\u00fcrlich die gleichen Rechte auf Sie als Kunden auf einem speziell angefertigten M\\u00f6beln, \\u00e4hnlich wie bei einem Standard-M\\u00f6belst\\u00fcck. keine Reservierung und nat\\u00fcrlich die 24 Monate Garantie und 14 Tage R\\u00fcckgaberecht .. Wie ..\",\"inLanguage\":\"de-DE\",\"potentialAction\":[{\"@type\":\"ReadAction\",\"target\":[\"https:\/\/www.kvalitetsmoebler.dk\/de\/special-mal\/\"]}]}]}<\/script>\n<!-- \/ Yoast SEO plugin. -->","_links":{"self":[{"href":"https:\/\/www.kvalitetsmoebler.dk\/de\/wp-json\/wp\/v2\/pages\/115"}],"collection":[{"href":"https:\/\/www.kvalitetsmoebler.dk\/de\/wp-json\/wp\/v2\/pages"}],"about":[{"href":"https:\/\/www.kvalitetsmoebler.dk\/de\/wp-json\/wp\/v2\/types\/page"}],"author":[{"embeddable":true,"href":"https:\/\/www.kvalitetsmoebler.dk\/de\/wp-json\/wp\/v2\/users\/1"}],"replies":[{"embeddable":true,"href":"https:\/\/www.kvalitetsmoebler.dk\/de\/wp-json\/wp\/v2\/comments?post=115"}],"version-history":[{"count":11,"href":"https:\/\/www.kvalitetsmoebler.dk\/de\/wp-json\/wp\/v2\/pages\/115\/revisions"}],"predecessor-version":[{"id":350,"href":"https:\/\/www.kvalitetsmoebler.dk\/de\/wp-json\/wp\/v2\/pages\/115\/revisions\/350"}],"wp:attachment":[{"href":"https:\/\/www.kvalitetsmoebler.dk\/de\/wp-json\/wp\/v2\/media?parent=115"}],"curies":[{"name":"wp","href":"https:\/\/api.w.org\/{rel}","templated":true}]}}