{"id":121,"date":"2012-05-24T12:30:08","date_gmt":"2012-05-24T12:30:08","guid":{"rendered":"https:\/\/www.kvalitetsmoebler.dk\/de\/?page_id=121"},"modified":"2012-06-15T14:18:17","modified_gmt":"2012-06-15T14:18:17","slug":"skaenke-og-vitriner","status":"publish","type":"page","link":"https:\/\/www.kvalitetsmoebler.dk\/de\/skaenke-og-vitriner\/","title":{"rendered":"Anrichten und Vitrinen"},"content":{"rendered":"<p class=\"aligncenter\"><img src=\"https:\/\/www.kvalitetsmoebler.dk\/de\/wp-content\/uploads\/2012\/05\/1104-0133skabe.jpg\" alt=\"\" \/><\/p>\n<p>Wollen Sie Ihr Haus mit einer Anrichte oder einer Vitrine verzieren, haben Sie die M\u00f6glichkeit, diese oder jene aus massivem Eichenholz oder Eichensperrholz zu erhalten.<\/p>\n<p>Kennzeichnend ist jedoch immer, dass der Selbstschlie\u00dfungsmechanismus der T\u00fcren und Schubladen absolut h\u00f6chster Qualit\u00e4t ist.<\/p>\n<p>Alle Glasteile unserer Vitrinen sind aus robustem und dauerhaftem Glas.<\/p>\n<p>Erinnern Sie sich daran, dass alle Anrichten und Vitrinen mit dem absolut besten Wei\u00df\u00f6l ge\u00f6lt worden sind, so dass das Aussehen und das Finish ein Augenweide wird, seien es aus massivem Eichenholz oder Eichensperrholz.<\/p>\n","protected":false},"excerpt":{"rendered":"<p>Wollen Sie Ihr Haus mit einer Anrichte oder einer Vitrine verzieren, haben Sie die M\u00f6glichkeit, diese oder jene aus massivem Eichenholz oder Eichensperrholz zu erhalten. Kennzeichnend ist jedoch immer, dass der Selbstschlie\u00dfungsmechanismus der T\u00fcren und Schubladen absolut h\u00f6chster Qualit\u00e4t ist. Alle Glasteile unserer Vitrinen sind aus robustem und dauerhaftem Glas. Erinnern Sie sich daran, dass [&hellip;]<\/p>\n","protected":false},"author":1,"featured_media":0,"parent":0,"menu_order":0,"comment_status":"open","ping_status":"open","template":"","meta":[],"yoast_head":"<!-- This site is optimized with the Yoast SEO plugin v14.4.1 - https:\/\/yoast.com\/wordpress\/plugins\/seo\/ -->\n<meta name=\"description\" content=\"Wollen Sie Ihr Zuhause mit einem Sideboard oder Vitrine zieren, haben Sie eine Chance, sowohl in massiver Eiche und Eiche furniert. Gemeinsame ist immer selvluknings Mechanismus f\u00fcr T\u00fcren und Schubladen sind wie alles andere auch, von absolut h\u00f6chster Qualit\u00e4t. Alles Glas in unsere Schr\u00e4nke, sind sehr stark und robust aus geh\u00e4rtetem Glas, die f\u00fcr immer h\u00e4lt Einsatz. Denken Sie daran, dass alle Z\u00e4hler und Vitrinen mit den besten wei\u00dfen \u00d6l, das macht den Look sind ge\u00f6lt und beenden das Auge erfreue, sei es aus massiver Eiche oder Eiche furniert ist.\" \/>\n<meta name=\"robots\" content=\"index, follow\" \/>\n<meta name=\"googlebot\" content=\"index, follow, max-snippet:-1, max-image-preview:large, max-video-preview:-1\" \/>\n<meta name=\"bingbot\" content=\"index, follow, max-snippet:-1, max-image-preview:large, max-video-preview:-1\" \/>\n<link rel=\"canonical\" href=\"https:\/\/www.kvalitetsmoebler.dk\/de\/skaenke-og-vitriner\/\" \/>\n<meta name=\"twitter:card\" content=\"summary_large_image\" \/>\n<meta name=\"twitter:title\" content=\"Anrichten und Vitrinen\" \/>\n<meta name=\"twitter:description\" content=\"Wollen Sie Ihr Zuhause mit einem Sideboard oder Vitrine zieren, haben Sie eine Chance, sowohl in massiver Eiche und Eiche furniert. Gemeinsame ist immer selvluknings Mechanismus f\u00fcr T\u00fcren und Schubladen sind wie alles andere auch, von absolut h\u00f6chster Qualit\u00e4t. Alles Glas in unsere Schr\u00e4nke, sind sehr stark und robust aus geh\u00e4rtetem Glas, die f\u00fcr immer h\u00e4lt Einsatz. Denken Sie daran, dass alle Z\u00e4hler und Vitrinen mit den besten wei\u00dfen \u00d6l, das macht den Look sind ge\u00f6lt und beenden das Auge erfreue, sei es aus massiver Eiche oder Eiche furniert ist.\" \/>\n<meta name=\"twitter:image\" content=\"https:\/\/www.kvalitetsmoebler.dk\/de\/wp-content\/uploads\/2012\/05\/1104-0133skabe.jpg\" \/>\n<meta name=\"twitter:creator\" content=\"@webcoders\" \/>\n<script type=\"application\/ld+json\" class=\"yoast-schema-graph\">{\"@context\":\"https:\/\/schema.org\",\"@graph\":[{\"@type\":\"WebSite\",\"@id\":\"https:\/\/www.kvalitetsmoebler.dk\/de\/#website\",\"url\":\"https:\/\/www.kvalitetsmoebler.dk\/de\/\",\"name\":\"Kvalitetsmoebler.dk\",\"description\":\"M\\u00f6bel aus Eichenholz bester Qualit\\u00e4t\",\"potentialAction\":[{\"@type\":\"SearchAction\",\"target\":\"https:\/\/www.kvalitetsmoebler.dk\/de\/?s={search_term_string}\",\"query-input\":\"required name=search_term_string\"}],\"inLanguage\":\"de-DE\"},{\"@type\":\"ImageObject\",\"@id\":\"https:\/\/www.kvalitetsmoebler.dk\/de\/skaenke-og-vitriner\/#primaryimage\",\"inLanguage\":\"de-DE\",\"url\":\"https:\/\/www.kvalitetsmoebler.dk\/de\/wp-content\/uploads\/2012\/05\/1104-0133skabe.jpg\",\"width\":\"650\",\"height\":\"385\"},{\"@type\":\"WebPage\",\"@id\":\"https:\/\/www.kvalitetsmoebler.dk\/de\/skaenke-og-vitriner\/#webpage\",\"url\":\"https:\/\/www.kvalitetsmoebler.dk\/de\/skaenke-og-vitriner\/\",\"name\":\"Anrichten und Vitrinen\",\"isPartOf\":{\"@id\":\"https:\/\/www.kvalitetsmoebler.dk\/de\/#website\"},\"primaryImageOfPage\":{\"@id\":\"https:\/\/www.kvalitetsmoebler.dk\/de\/skaenke-og-vitriner\/#primaryimage\"},\"datePublished\":\"2012-05-24T12:30:08+00:00\",\"dateModified\":\"2012-06-15T14:18:17+00:00\",\"description\":\"Wollen Sie Ihr Zuhause mit einem Sideboard oder Vitrine zieren, haben Sie eine Chance, sowohl in massiver Eiche und Eiche furniert. Gemeinsame ist immer selvluknings Mechanismus f\\u00fcr T\\u00fcren und Schubladen sind wie alles andere auch, von absolut h\\u00f6chster Qualit\\u00e4t. Alles Glas in unsere Schr\\u00e4nke, sind sehr stark und robust aus geh\\u00e4rtetem Glas, die f\\u00fcr immer h\\u00e4lt Einsatz. Denken Sie daran, dass alle Z\\u00e4hler und Vitrinen mit den besten wei\\u00dfen \\u00d6l, das macht den Look sind ge\\u00f6lt und beenden das Auge erfreue, sei es aus massiver Eiche oder Eiche furniert ist.\",\"inLanguage\":\"de-DE\",\"potentialAction\":[{\"@type\":\"ReadAction\",\"target\":[\"https:\/\/www.kvalitetsmoebler.dk\/de\/skaenke-og-vitriner\/\"]}]}]}<\/script>\n<!-- \/ Yoast SEO plugin. -->","_links":{"self":[{"href":"https:\/\/www.kvalitetsmoebler.dk\/de\/wp-json\/wp\/v2\/pages\/121"}],"collection":[{"href":"https:\/\/www.kvalitetsmoebler.dk\/de\/wp-json\/wp\/v2\/pages"}],"about":[{"href":"https:\/\/www.kvalitetsmoebler.dk\/de\/wp-json\/wp\/v2\/types\/page"}],"author":[{"embeddable":true,"href":"https:\/\/www.kvalitetsmoebler.dk\/de\/wp-json\/wp\/v2\/users\/1"}],"replies":[{"embeddable":true,"href":"https:\/\/www.kvalitetsmoebler.dk\/de\/wp-json\/wp\/v2\/comments?post=121"}],"version-history":[{"count":11,"href":"https:\/\/www.kvalitetsmoebler.dk\/de\/wp-json\/wp\/v2\/pages\/121\/revisions"}],"predecessor-version":[{"id":347,"href":"https:\/\/www.kvalitetsmoebler.dk\/de\/wp-json\/wp\/v2\/pages\/121\/revisions\/347"}],"wp:attachment":[{"href":"https:\/\/www.kvalitetsmoebler.dk\/de\/wp-json\/wp\/v2\/media?parent=121"}],"curies":[{"name":"wp","href":"https:\/\/api.w.org\/{rel}","templated":true}]}}