{"id":124,"date":"2012-05-24T12:34:25","date_gmt":"2012-05-24T12:34:25","guid":{"rendered":"https:\/\/www.kvalitetsmoebler.dk\/de\/?page_id=124"},"modified":"2012-06-15T14:23:41","modified_gmt":"2012-06-15T14:23:41","slug":"tv-borde","status":"publish","type":"page","link":"https:\/\/www.kvalitetsmoebler.dk\/de\/tv-borde\/","title":{"rendered":"TV-Tische"},"content":{"rendered":"<p class=\"aligncenter\"><img src=\"https:\/\/www.kvalitetsmoebler.dk\/de\/wp-content\/uploads\/2012\/05\/1104-0311tvbord.jpg\" alt=\"\" \/><\/p>\n<p><strong>Fernsehtische aus Eichenholz<\/strong><\/p>\n<p>Da die Fernsehtische mit einer Breite von 100 cm, 120 cm und 170 cm erh\u00e4ltlich sind, ist ein Fernsehtisch vorhanden, der den Ma\u00dfen eines Fernsehens von 20 bis 50 cm entspricht.<\/p>\n<p>Alle Fernsehtische werden mit einem Kabelloch hergestellt, so da\u00df sogar die gr\u00f6\u00dfte Steckdose bzw. das gr\u00f6\u00dfte Kabel durch die R\u00fcckwand durchgelassen werden kann, ohne da\u00df der Kunde selbst die Bohrmaschine verwenden mu\u00df.<\/p>\n<p>Alle Ferntische sind so gemacht, da\u00df sie nicht wegen des sogar gr\u00f6\u00dften und schwersten Fernsehens zusammenkrachen. Und auf die Fernsehtische mit einer Breite von 170 cm ist ein zus\u00e4tzliches Bein in der Mitte unten montiert.<\/p>\n<p>Die zwei Monaco Fernsehtische haben funktionelle Schubladen mit Raumeinteilung f\u00fcr Cds\/Dvds.<\/p>\n","protected":false},"excerpt":{"rendered":"<p>Fernsehtische aus Eichenholz Da die Fernsehtische mit einer Breite von 100 cm, 120 cm und 170 cm erh\u00e4ltlich sind, ist ein Fernsehtisch vorhanden, der den Ma\u00dfen eines Fernsehens von 20 bis 50 cm entspricht. Alle Fernsehtische werden mit einem Kabelloch hergestellt, so da\u00df sogar die gr\u00f6\u00dfte Steckdose bzw. das gr\u00f6\u00dfte Kabel durch die R\u00fcckwand durchgelassen [&hellip;]<\/p>\n","protected":false},"author":1,"featured_media":0,"parent":0,"menu_order":0,"comment_status":"open","ping_status":"open","template":"","meta":[],"yoast_head":"<!-- This site is optimized with the Yoast SEO plugin v14.4.1 - https:\/\/yoast.com\/wordpress\/plugins\/seo\/ -->\n<meta name=\"description\" content=\"Da TV-Tabellen in 100cm, 120cm und 170cm zur Verf\u00fcgung stehen, gibt es einen TV-Tisch, der sowohl 20 &quot;und bis zu einem 50&quot; Fernseher passt. Alle TV-Tische mit einem Draht Loch in der R\u00fcckwand hergestellt werden, so dass selbst der gr\u00f6\u00dfte tv-stik\/kabel kann durch die hintere Abdeckung zu erhalten, ohne dass der Kunde muss in den Einsatz zu bohren. Alle TV-Tische der besten Eichenholz gemacht werden, es kann sogar die schwerste Fernsehen, und die beiden TV-Tische 170cm standhalten, gibt es eine extra stehen in der Mitte unterhalb montiert. In den beiden Monaco TV Tabellen wurden funktionelle Schubladen mit rumindeling auf CD \/ DVD ist gemacht.\" \/>\n<meta name=\"robots\" content=\"index, follow\" \/>\n<meta name=\"googlebot\" content=\"index, follow, max-snippet:-1, max-image-preview:large, max-video-preview:-1\" \/>\n<meta name=\"bingbot\" content=\"index, follow, max-snippet:-1, max-image-preview:large, max-video-preview:-1\" \/>\n<link rel=\"canonical\" href=\"https:\/\/www.kvalitetsmoebler.dk\/de\/tv-borde\/\" \/>\n<meta name=\"twitter:card\" content=\"summary_large_image\" \/>\n<meta name=\"twitter:title\" content=\"TV-Tische\" \/>\n<meta name=\"twitter:description\" content=\"Da TV-Tabellen in 100cm, 120cm und 170cm zur Verf\u00fcgung stehen, gibt es einen TV-Tisch, der sowohl 20 &quot;und bis zu einem 50&quot; Fernseher passt. Alle TV-Tische mit einem Draht Loch in der R\u00fcckwand hergestellt werden, so dass selbst der gr\u00f6\u00dfte tv-stik\/kabel kann durch die hintere Abdeckung zu erhalten, ohne dass der Kunde muss in den Einsatz zu bohren. Alle TV-Tische der besten Eichenholz gemacht werden, es kann sogar die schwerste Fernsehen, und die beiden TV-Tische 170cm standhalten, gibt es eine extra stehen in der Mitte unterhalb montiert. In den beiden Monaco TV Tabellen wurden funktionelle Schubladen mit rumindeling auf CD \/ DVD ist gemacht.\" \/>\n<meta name=\"twitter:image\" content=\"https:\/\/www.kvalitetsmoebler.dk\/de\/wp-content\/uploads\/2012\/05\/1104-0311tvbord.jpg\" \/>\n<meta name=\"twitter:creator\" content=\"@webcoders\" \/>\n<script type=\"application\/ld+json\" class=\"yoast-schema-graph\">{\"@context\":\"https:\/\/schema.org\",\"@graph\":[{\"@type\":\"WebSite\",\"@id\":\"https:\/\/www.kvalitetsmoebler.dk\/de\/#website\",\"url\":\"https:\/\/www.kvalitetsmoebler.dk\/de\/\",\"name\":\"Kvalitetsmoebler.dk\",\"description\":\"M\\u00f6bel aus Eichenholz bester Qualit\\u00e4t\",\"potentialAction\":[{\"@type\":\"SearchAction\",\"target\":\"https:\/\/www.kvalitetsmoebler.dk\/de\/?s={search_term_string}\",\"query-input\":\"required name=search_term_string\"}],\"inLanguage\":\"de-DE\"},{\"@type\":\"ImageObject\",\"@id\":\"https:\/\/www.kvalitetsmoebler.dk\/de\/tv-borde\/#primaryimage\",\"inLanguage\":\"de-DE\",\"url\":\"https:\/\/www.kvalitetsmoebler.dk\/de\/wp-content\/uploads\/2012\/05\/1104-0311tvbord.jpg\",\"width\":\"650\",\"height\":\"385\"},{\"@type\":\"WebPage\",\"@id\":\"https:\/\/www.kvalitetsmoebler.dk\/de\/tv-borde\/#webpage\",\"url\":\"https:\/\/www.kvalitetsmoebler.dk\/de\/tv-borde\/\",\"name\":\"TV-Tische\",\"isPartOf\":{\"@id\":\"https:\/\/www.kvalitetsmoebler.dk\/de\/#website\"},\"primaryImageOfPage\":{\"@id\":\"https:\/\/www.kvalitetsmoebler.dk\/de\/tv-borde\/#primaryimage\"},\"datePublished\":\"2012-05-24T12:34:25+00:00\",\"dateModified\":\"2012-06-15T14:23:41+00:00\",\"description\":\"Da TV-Tabellen in 100cm, 120cm und 170cm zur Verf\\u00fcgung stehen, gibt es einen TV-Tisch, der sowohl 20 \\\"und bis zu einem 50\\\" Fernseher passt. Alle TV-Tische mit einem Draht Loch in der R\\u00fcckwand hergestellt werden, so dass selbst der gr\\u00f6\\u00dfte tv-stik\/kabel kann durch die hintere Abdeckung zu erhalten, ohne dass der Kunde muss in den Einsatz zu bohren. Alle TV-Tische der besten Eichenholz gemacht werden, es kann sogar die schwerste Fernsehen, und die beiden TV-Tische 170cm standhalten, gibt es eine extra stehen in der Mitte unterhalb montiert. In den beiden Monaco TV Tabellen wurden funktionelle Schubladen mit rumindeling auf CD \/ DVD ist gemacht.\",\"inLanguage\":\"de-DE\",\"potentialAction\":[{\"@type\":\"ReadAction\",\"target\":[\"https:\/\/www.kvalitetsmoebler.dk\/de\/tv-borde\/\"]}]}]}<\/script>\n<!-- \/ Yoast SEO plugin. -->","_links":{"self":[{"href":"https:\/\/www.kvalitetsmoebler.dk\/de\/wp-json\/wp\/v2\/pages\/124"}],"collection":[{"href":"https:\/\/www.kvalitetsmoebler.dk\/de\/wp-json\/wp\/v2\/pages"}],"about":[{"href":"https:\/\/www.kvalitetsmoebler.dk\/de\/wp-json\/wp\/v2\/types\/page"}],"author":[{"embeddable":true,"href":"https:\/\/www.kvalitetsmoebler.dk\/de\/wp-json\/wp\/v2\/users\/1"}],"replies":[{"embeddable":true,"href":"https:\/\/www.kvalitetsmoebler.dk\/de\/wp-json\/wp\/v2\/comments?post=124"}],"version-history":[{"count":8,"href":"https:\/\/www.kvalitetsmoebler.dk\/de\/wp-json\/wp\/v2\/pages\/124\/revisions"}],"predecessor-version":[{"id":351,"href":"https:\/\/www.kvalitetsmoebler.dk\/de\/wp-json\/wp\/v2\/pages\/124\/revisions\/351"}],"wp:attachment":[{"href":"https:\/\/www.kvalitetsmoebler.dk\/de\/wp-json\/wp\/v2\/media?parent=124"}],"curies":[{"name":"wp","href":"https:\/\/api.w.org\/{rel}","templated":true}]}}