{"id":127,"date":"2012-05-24T12:39:13","date_gmt":"2012-05-24T12:39:13","guid":{"rendered":"https:\/\/www.kvalitetsmoebler.dk\/de\/?page_id=127"},"modified":"2012-06-15T14:19:53","modified_gmt":"2012-06-15T14:19:53","slug":"tryghedsgaranti","status":"publish","type":"page","link":"https:\/\/www.kvalitetsmoebler.dk\/de\/tryghedsgaranti\/","title":{"rendered":"Sicherheitsgarantie"},"content":{"rendered":"<p class=\"aligncenter\"><img src=\"https:\/\/www.kvalitetsmoebler.dk\/de\/wp-content\/uploads\/2012\/05\/1104-0253tryghed.jpg\" alt=\"\" \/><\/p>\n<p><strong>Sicherheitsgarantie<\/strong><\/p>\n<p>Bei <em>kvalitetsm\u00f8bler.dk <\/em>gibt es kein einziges M\u00f6belst\u00fcck das nicht ausgepackt, kontrolliert und gutgehei\u00dfen wird, bevor es im Haus des Kunden montiert wird.<\/p>\n<p>Alles wird ausnahmslos von <em>kvalitetsm\u00f8bler.dk <\/em>perfekt und fehlerfrei abgeschickt. Deswegen wird au\u00dfer der 24 Monate Garantie ein 14 Tage R\u00fcckgaberecht von ALLEN Produkten gew\u00e4hrt. Bei der Montierung bei dem Kunden nehmen wir nat\u00fcrlich die Emballage mit uns.<\/p>\n<p>Nachdem das M\u00f6belst\u00fcck im Haus des Kunden montiert worden ist, wird es noch einmal mit \u00d6l gepflegt, w\u00e4hrend der Kunde zusieht, wie es gemacht werden soll. Dann ist das M\u00f6belst\u00fcck im Ganzen zweimal behandelt worden, bevor es benutzt wird. Das macht das M\u00f6belst\u00fcck au\u00dfergew\u00f6hnlich benutzerfreundlich und schmutzabweisend.<\/p>\n<p>Wenn der Kunde das M\u00f6belst\u00fcck nicht l\u00e4nger braucht, nehmen wir es gerne zur\u00fcck, da es dann in einem zierlichen Zustand bei der Heilsarmee D\u00e4nemarks, unserem Nachbarn, eingeliefert wird.<\/p>\n<p>Wir kommen immer zum Kunden mit M\u00f6beln, wenn der Zeitpunkt dem Kunden am besten pa\u00dft, und da wir jeden Tag ge\u00f6ffnet haben, tragen wir jeden Tag M\u00f6bel aus.<\/p>\n<p>Das ist ja Sicherheit und Service, die mit den H\u00e4nden zu greifen sind!<\/p>\n","protected":false},"excerpt":{"rendered":"<p>Sicherheitsgarantie Bei kvalitetsm\u00f8bler.dk gibt es kein einziges M\u00f6belst\u00fcck das nicht ausgepackt, kontrolliert und gutgehei\u00dfen wird, bevor es im Haus des Kunden montiert wird. Alles wird ausnahmslos von kvalitetsm\u00f8bler.dk perfekt und fehlerfrei abgeschickt. Deswegen wird au\u00dfer der 24 Monate Garantie ein 14 Tage R\u00fcckgaberecht von ALLEN Produkten gew\u00e4hrt. Bei der Montierung bei dem Kunden nehmen wir [&hellip;]<\/p>\n","protected":false},"author":1,"featured_media":0,"parent":0,"menu_order":0,"comment_status":"open","ping_status":"open","template":"","meta":[],"yoast_head":"<!-- This site is optimized with the Yoast SEO plugin v14.4.1 - https:\/\/yoast.com\/wordpress\/plugins\/seo\/ -->\n<meta name=\"description\" content=\"Bei kvalitetsm\u00f8bler.dk gibt es kein einziges M\u00f6belst\u00fcck das nicht ausgepackt, kontrolliert und gutgehei\u00dfen wird, bevor es im Haus des Kunden montiert wird. Alles wird ausnahmslos von kvalitetsm\u00f8bler.dk perfekt und fehlerfrei abgeschickt. Deswegen wird au\u00dfer der 24 Monate Garantie ein 14 Tage R\u00fcckgaberecht von ALLEN Produkten gew\u00e4hrt. Bei der Montierung bei dem Kunden nehmen wir nat\u00fcrlich die Emballage mit uns. Nachdem das M\u00f6belst\u00fcck im Haus des Kunden montiert worden ist, wird es noch einmal mit \u00d6l gepflegt, w\u00e4hrend der Kunde zusieht, wie es gemacht werden soll. Dann ist das M\u00f6belst\u00fcck im Ganzen zweimal behandelt worden, bevor es benutzt wird. Das macht das M\u00f6belst\u00fcck au\u00dfergew\u00f6hnlich benutzerfreundlich und schmutzabweisend.  Wenn der Kunde das M\u00f6belst\u00fcck nicht l\u00e4nger braucht, nehmen wir es gerne zur\u00fcck, da es dann in einem zierlichen Zustand bei der Heilsarmee D\u00e4nemarks, unserem Nachbarn, eingeliefert wird. Wir kommen immer zum Kunden mit M\u00f6beln, wenn der Zeitpunkt dem Kunden am besten pa\u00dft, und da wir jeden Tag ge\u00f6ffnet haben, tragen wir jeden Tag M\u00f6bel aus. Das ist ja Sicherheit und Service, die mit den H\u00e4nden zu greifen sind!\" \/>\n<meta name=\"robots\" content=\"index, follow\" \/>\n<meta name=\"googlebot\" content=\"index, follow, max-snippet:-1, max-image-preview:large, max-video-preview:-1\" \/>\n<meta name=\"bingbot\" content=\"index, follow, max-snippet:-1, max-image-preview:large, max-video-preview:-1\" \/>\n<link rel=\"canonical\" href=\"https:\/\/www.kvalitetsmoebler.dk\/de\/tryghedsgaranti\/\" \/>\n<meta name=\"twitter:card\" content=\"summary_large_image\" \/>\n<meta name=\"twitter:title\" content=\"Sicherheitsgarantie\" \/>\n<meta name=\"twitter:description\" content=\"Bei kvalitetsm\u00f8bler.dk gibt es kein einziges M\u00f6belst\u00fcck das nicht ausgepackt, kontrolliert und gutgehei\u00dfen wird, bevor es im Haus des Kunden montiert wird. Alles wird ausnahmslos von kvalitetsm\u00f8bler.dk perfekt und fehlerfrei abgeschickt. Deswegen wird au\u00dfer der 24 Monate Garantie ein 14 Tage R\u00fcckgaberecht von ALLEN Produkten gew\u00e4hrt. Bei der Montierung bei dem Kunden nehmen wir nat\u00fcrlich die Emballage mit uns. Nachdem das M\u00f6belst\u00fcck im Haus des Kunden montiert worden ist, wird es noch einmal mit \u00d6l gepflegt, w\u00e4hrend der Kunde zusieht, wie es gemacht werden soll. Dann ist das M\u00f6belst\u00fcck im Ganzen zweimal behandelt worden, bevor es benutzt wird. Das macht das M\u00f6belst\u00fcck au\u00dfergew\u00f6hnlich benutzerfreundlich und schmutzabweisend.  Wenn der Kunde das M\u00f6belst\u00fcck nicht l\u00e4nger braucht, nehmen wir es gerne zur\u00fcck, da es dann in einem zierlichen Zustand bei der Heilsarmee D\u00e4nemarks, unserem Nachbarn, eingeliefert wird. Wir kommen immer zum Kunden mit M\u00f6beln, wenn der Zeitpunkt dem Kunden am besten pa\u00dft, und da wir jeden Tag ge\u00f6ffnet haben, tragen wir jeden Tag M\u00f6bel aus. Das ist ja Sicherheit und Service, die mit den H\u00e4nden zu greifen sind!\" \/>\n<meta name=\"twitter:image\" content=\"https:\/\/www.kvalitetsmoebler.dk\/de\/wp-content\/uploads\/2012\/05\/1104-0253tryghed.jpg\" \/>\n<meta name=\"twitter:creator\" content=\"@webcoders\" \/>\n<script type=\"application\/ld+json\" class=\"yoast-schema-graph\">{\"@context\":\"https:\/\/schema.org\",\"@graph\":[{\"@type\":\"WebSite\",\"@id\":\"https:\/\/www.kvalitetsmoebler.dk\/de\/#website\",\"url\":\"https:\/\/www.kvalitetsmoebler.dk\/de\/\",\"name\":\"Kvalitetsmoebler.dk\",\"description\":\"M\\u00f6bel aus Eichenholz bester Qualit\\u00e4t\",\"potentialAction\":[{\"@type\":\"SearchAction\",\"target\":\"https:\/\/www.kvalitetsmoebler.dk\/de\/?s={search_term_string}\",\"query-input\":\"required name=search_term_string\"}],\"inLanguage\":\"de-DE\"},{\"@type\":\"ImageObject\",\"@id\":\"https:\/\/www.kvalitetsmoebler.dk\/de\/tryghedsgaranti\/#primaryimage\",\"inLanguage\":\"de-DE\",\"url\":\"https:\/\/www.kvalitetsmoebler.dk\/de\/wp-content\/uploads\/2012\/05\/1104-0253tryghed.jpg\",\"width\":\"650\",\"height\":\"385\"},{\"@type\":\"WebPage\",\"@id\":\"https:\/\/www.kvalitetsmoebler.dk\/de\/tryghedsgaranti\/#webpage\",\"url\":\"https:\/\/www.kvalitetsmoebler.dk\/de\/tryghedsgaranti\/\",\"name\":\"Sicherheitsgarantie\",\"isPartOf\":{\"@id\":\"https:\/\/www.kvalitetsmoebler.dk\/de\/#website\"},\"primaryImageOfPage\":{\"@id\":\"https:\/\/www.kvalitetsmoebler.dk\/de\/tryghedsgaranti\/#primaryimage\"},\"datePublished\":\"2012-05-24T12:39:13+00:00\",\"dateModified\":\"2012-06-15T14:19:53+00:00\",\"description\":\"Bei kvalitetsm\\u00f8bler.dk gibt es kein einziges M\\u00f6belst\\u00fcck das nicht ausgepackt, kontrolliert und gutgehei\\u00dfen wird, bevor es im Haus des Kunden montiert wird. Alles wird ausnahmslos von kvalitetsm\\u00f8bler.dk perfekt und fehlerfrei abgeschickt. Deswegen wird au\\u00dfer der 24 Monate Garantie ein 14 Tage R\\u00fcckgaberecht von ALLEN Produkten gew\\u00e4hrt. Bei der Montierung bei dem Kunden nehmen wir nat\\u00fcrlich die Emballage mit uns. Nachdem das M\\u00f6belst\\u00fcck im Haus des Kunden montiert worden ist, wird es noch einmal mit \\u00d6l gepflegt, w\\u00e4hrend der Kunde zusieht, wie es gemacht werden soll. Dann ist das M\\u00f6belst\\u00fcck im Ganzen zweimal behandelt worden, bevor es benutzt wird. Das macht das M\\u00f6belst\\u00fcck au\\u00dfergew\\u00f6hnlich benutzerfreundlich und schmutzabweisend. Wenn der Kunde das M\\u00f6belst\\u00fcck nicht l\\u00e4nger braucht, nehmen wir es gerne zur\\u00fcck, da es dann in einem zierlichen Zustand bei der Heilsarmee D\\u00e4nemarks, unserem Nachbarn, eingeliefert wird. Wir kommen immer zum Kunden mit M\\u00f6beln, wenn der Zeitpunkt dem Kunden am besten pa\\u00dft, und da wir jeden Tag ge\\u00f6ffnet haben, tragen wir jeden Tag M\\u00f6bel aus. Das ist ja Sicherheit und Service, die mit den H\\u00e4nden zu greifen sind!\",\"inLanguage\":\"de-DE\",\"potentialAction\":[{\"@type\":\"ReadAction\",\"target\":[\"https:\/\/www.kvalitetsmoebler.dk\/de\/tryghedsgaranti\/\"]}]}]}<\/script>\n<!-- \/ Yoast SEO plugin. -->","_links":{"self":[{"href":"https:\/\/www.kvalitetsmoebler.dk\/de\/wp-json\/wp\/v2\/pages\/127"}],"collection":[{"href":"https:\/\/www.kvalitetsmoebler.dk\/de\/wp-json\/wp\/v2\/pages"}],"about":[{"href":"https:\/\/www.kvalitetsmoebler.dk\/de\/wp-json\/wp\/v2\/types\/page"}],"author":[{"embeddable":true,"href":"https:\/\/www.kvalitetsmoebler.dk\/de\/wp-json\/wp\/v2\/users\/1"}],"replies":[{"embeddable":true,"href":"https:\/\/www.kvalitetsmoebler.dk\/de\/wp-json\/wp\/v2\/comments?post=127"}],"version-history":[{"count":9,"href":"https:\/\/www.kvalitetsmoebler.dk\/de\/wp-json\/wp\/v2\/pages\/127\/revisions"}],"predecessor-version":[{"id":349,"href":"https:\/\/www.kvalitetsmoebler.dk\/de\/wp-json\/wp\/v2\/pages\/127\/revisions\/349"}],"wp:attachment":[{"href":"https:\/\/www.kvalitetsmoebler.dk\/de\/wp-json\/wp\/v2\/media?parent=127"}],"curies":[{"name":"wp","href":"https:\/\/api.w.org\/{rel}","templated":true}]}}