{"id":134,"date":"2012-05-24T13:09:11","date_gmt":"2012-05-24T13:09:11","guid":{"rendered":"https:\/\/www.kvalitetsmoebler.dk\/de\/?page_id=134"},"modified":"2012-07-02T12:27:41","modified_gmt":"2012-07-02T12:27:41","slug":"maj-tilbud","status":"publish","type":"page","link":"https:\/\/www.kvalitetsmoebler.dk\/de\/maj-tilbud\/","title":{"rendered":"Angebote."},"content":{"rendered":"<p>Beispiellose billig im Juli! <a href=\"https:\/\/www.kvalitetsmoebler.dk\/produkter\/egetraeborde\/barcelona-spisebord-100x150\/\"> <img loading=\"lazy\" class=\"Gr\u00f6\u00dfe alignnone-full wp-image-361\" title=\"Barcelona\" src=\"https:\/\/www.kvalitetsmoebler.dk\/wp-content\/uploads\/2012\/05\/Barcelona.jpg \" alt=\" \" width=\" 165 \" height=\" 110 \" \/> <\/a><a href=\"https:\/\/www.kvalitetsmoebler.dk\/produkter\/egetraeborde\/barcelona-spisebord-100x150\/\"> Barcelona Esstisch 100&#215;150 und 4 St\u00fchlen. W\u00e4hlen Sie aus: <\/a><a href=\"https:\/\/www.kvalitetsmoebler.dk\/produkter\/egetraestole\/anna-stol\/\"> Anna &#8211; <\/a><a href=\"https:\/\/www.kvalitetsmoebler.dk\/produkter\/egetraestole\/camilla-stol \/ \"> Camilla &#8211; <\/a><a href=\"https:\/\/www.kvalitetsmoebler.dk\/produkter\/egetraestole\/gitte-stol\/\"> Gitte Stuhl .<br \/>\n<\/a><\/p>\n<table>\n<tbody>\n<tr>\n<td>Normalpreis f\u00fcr die Tabelle 3.499,00<\/td>\n<td>4 St\u00fchle f\u00fcr den normalen Preis 4.396,00<\/td>\n<td>\nSumme 7.895,00 <\/p>\n<div class=\"price\">6500,00 AUD<\/p>\n<p style=\"text-align: right;\">Super-Preis NUR im Juli<\/p>\n<\/div>\n<\/td>\n<\/tr>\n<\/tbody>\n<\/table>\n","protected":false},"excerpt":{"rendered":"<p>Beispiellose billig im Juli! Barcelona Esstisch 100&#215;150 und 4 St\u00fchlen. W\u00e4hlen Sie aus: Anna &#8211; Camilla &#8211; Gitte Stuhl . Normalpreis f\u00fcr die Tabelle 3.499,00 4 St\u00fchle f\u00fcr den normalen Preis 4.396,00 Summe 7.895,00 6500,00 AUD Super-Preis NUR im Juli<\/p>\n","protected":false},"author":1,"featured_media":0,"parent":0,"menu_order":0,"comment_status":"open","ping_status":"open","template":"","meta":[],"yoast_head":"<!-- This site is optimized with the Yoast SEO plugin v14.4.1 - https:\/\/yoast.com\/wordpress\/plugins\/seo\/ -->\n<meta name=\"robots\" content=\"index, follow\" \/>\n<meta name=\"googlebot\" content=\"index, follow, max-snippet:-1, max-image-preview:large, max-video-preview:-1\" \/>\n<meta name=\"bingbot\" content=\"index, follow, max-snippet:-1, max-image-preview:large, max-video-preview:-1\" \/>\n<link rel=\"canonical\" href=\"https:\/\/www.kvalitetsmoebler.dk\/de\/maj-tilbud\/\" \/>\n<meta name=\"twitter:card\" content=\"summary_large_image\" \/>\n<meta name=\"twitter:title\" content=\"Angebote M\u00f6bel\" \/>\n<meta name=\"twitter:description\" content=\"Beispiellose billig im Juli! Barcelona Esstisch 100&#215;150 und 4 St\u00fchlen. W\u00e4hlen Sie aus: Anna &#8211; Camilla &#8211; Gitte Stuhl . Normalpreis f\u00fcr die Tabelle 3.499,00 4 St\u00fchle f\u00fcr den normalen Preis 4.396,00 Summe 7.895,00 6500,00 AUD Super-Preis NUR im Juli\" \/>\n<meta name=\"twitter:image\" content=\"https:\/\/www.kvalitetsmoebler.dk\/wp-content\/uploads\/2012\/05\/Barcelona.jpg \" \/>\n<meta name=\"twitter:creator\" content=\"@webcoders\" \/>\n<script type=\"application\/ld+json\" class=\"yoast-schema-graph\">{\"@context\":\"https:\/\/schema.org\",\"@graph\":[{\"@type\":\"WebSite\",\"@id\":\"https:\/\/www.kvalitetsmoebler.dk\/de\/#website\",\"url\":\"https:\/\/www.kvalitetsmoebler.dk\/de\/\",\"name\":\"Kvalitetsmoebler.dk\",\"description\":\"M\\u00f6bel aus Eichenholz bester Qualit\\u00e4t\",\"potentialAction\":[{\"@type\":\"SearchAction\",\"target\":\"https:\/\/www.kvalitetsmoebler.dk\/de\/?s={search_term_string}\",\"query-input\":\"required name=search_term_string\"}],\"inLanguage\":\"de-DE\"},{\"@type\":\"ImageObject\",\"@id\":\"https:\/\/www.kvalitetsmoebler.dk\/de\/maj-tilbud\/#primaryimage\",\"inLanguage\":\"de-DE\",\"url\":\"https:\/\/www.kvalitetsmoebler.dk\/wp-content\/uploads\/2012\/05\/Barcelona.jpg \"},{\"@type\":\"WebPage\",\"@id\":\"https:\/\/www.kvalitetsmoebler.dk\/de\/maj-tilbud\/#webpage\",\"url\":\"https:\/\/www.kvalitetsmoebler.dk\/de\/maj-tilbud\/\",\"name\":\"Angebote M\\u00f6bel\",\"isPartOf\":{\"@id\":\"https:\/\/www.kvalitetsmoebler.dk\/de\/#website\"},\"primaryImageOfPage\":{\"@id\":\"https:\/\/www.kvalitetsmoebler.dk\/de\/maj-tilbud\/#primaryimage\"},\"datePublished\":\"2012-05-24T13:09:11+00:00\",\"dateModified\":\"2012-07-02T12:27:41+00:00\",\"inLanguage\":\"de-DE\",\"potentialAction\":[{\"@type\":\"ReadAction\",\"target\":[\"https:\/\/www.kvalitetsmoebler.dk\/de\/maj-tilbud\/\"]}]}]}<\/script>\n<!-- \/ Yoast SEO plugin. -->","_links":{"self":[{"href":"https:\/\/www.kvalitetsmoebler.dk\/de\/wp-json\/wp\/v2\/pages\/134"}],"collection":[{"href":"https:\/\/www.kvalitetsmoebler.dk\/de\/wp-json\/wp\/v2\/pages"}],"about":[{"href":"https:\/\/www.kvalitetsmoebler.dk\/de\/wp-json\/wp\/v2\/types\/page"}],"author":[{"embeddable":true,"href":"https:\/\/www.kvalitetsmoebler.dk\/de\/wp-json\/wp\/v2\/users\/1"}],"replies":[{"embeddable":true,"href":"https:\/\/www.kvalitetsmoebler.dk\/de\/wp-json\/wp\/v2\/comments?post=134"}],"version-history":[{"count":24,"href":"https:\/\/www.kvalitetsmoebler.dk\/de\/wp-json\/wp\/v2\/pages\/134\/revisions"}],"predecessor-version":[{"id":361,"href":"https:\/\/www.kvalitetsmoebler.dk\/de\/wp-json\/wp\/v2\/pages\/134\/revisions\/361"}],"wp:attachment":[{"href":"https:\/\/www.kvalitetsmoebler.dk\/de\/wp-json\/wp\/v2\/media?parent=134"}],"curies":[{"name":"wp","href":"https:\/\/api.w.org\/{rel}","templated":true}]}}