{"id":77,"date":"2012-05-24T10:52:56","date_gmt":"2012-05-24T10:52:56","guid":{"rendered":"https:\/\/www.kvalitetsmoebler.dk\/de\/?page_id=77"},"modified":"2012-06-14T13:32:01","modified_gmt":"2012-06-14T13:32:01","slug":"salgs-og-leveringsbetingelser","status":"publish","type":"page","link":"https:\/\/www.kvalitetsmoebler.dk\/de\/salgs-og-leveringsbetingelser\/","title":{"rendered":"Allgemeine Gesch\u00e4ftsbedingungen"},"content":{"rendered":"<h3><\/h3>\n<p>&nbsp;<\/p>\n<h3>Garantie Es ist ein 2-Jahres-Garantie Garantie ab Kaufdatum im Rahmen der damals einj\u00e4hrigen Herstellergarantie geliefert. Die Garantie erlischt nat\u00fcrlich auf normalem Verschlei\u00df. Versandkosten Zugegeben, 14 Tage, um abzubrechen. Das Recht beginnt mit dem Moment, wenn der Artikel an den Kunden \u00fcbertragen wird. Sollte der Kauf r\u00fcckg\u00e4ngig gemacht innerhalb von 14 Tagen werden wir den Kaufpreis zur\u00fcckerstatten werden. Um dieses Recht zu nutzen, m\u00fcssen die M\u00f6bel nat\u00fcrlich im gleichen Zustand wie bei der Entsorgung der M\u00f6bel sein. Fehlende Originalverpackung ist nicht wichtig. Die Kosten, um die M\u00f6bel wieder an Kvalitetsm\u00f8bler.dk zu Lasten des Kunden. Haftungsausschluss Kvalitetsm\u00f8bler.dk jede Lieferung und Lieferzeit. Aktualisiert 26. M\u00e4rz<\/h3>\n","protected":false},"excerpt":{"rendered":"<p>&nbsp; Garantie Es ist ein 2-Jahres-Garantie Garantie ab Kaufdatum im Rahmen der damals einj\u00e4hrigen Herstellergarantie geliefert. Die Garantie erlischt nat\u00fcrlich auf normalem Verschlei\u00df. Versandkosten Zugegeben, 14 Tage, um abzubrechen. Das Recht beginnt mit dem Moment, wenn der Artikel an den Kunden \u00fcbertragen wird. Sollte der Kauf r\u00fcckg\u00e4ngig gemacht innerhalb von 14 Tagen werden wir den [&hellip;]<\/p>\n","protected":false},"author":1,"featured_media":0,"parent":0,"menu_order":0,"comment_status":"open","ping_status":"open","template":"","meta":[],"yoast_head":"<!-- This site is optimized with the Yoast SEO plugin v14.4.1 - https:\/\/yoast.com\/wordpress\/plugins\/seo\/ -->\n<meta name=\"description\" content=\"Garantie Es ist ein 2-Jahres-Garantie Garantie ab Kaufdatum im Rahmen der damals einj\u00e4hrigen Herstellergarantie geliefert. Die Garantie erlischt nat\u00fcrlich auf normalem Verschlei\u00df. Versandkosten Zugegeben, 14 Tage, um abzubrechen. Das Recht beginnt mit dem Moment, wenn der Artikel an den Kunden \u00fcbertragen wird. Sollte der Kauf r\u00fcckg\u00e4ngig gemacht innerhalb von 14 Tagen werden wir den Kaufpreis zur\u00fcckerstatten werden. Um dieses Recht zu nutzen, m\u00fcssen die M\u00f6bel nat\u00fcrlich im gleichen Zustand wie bei der Entsorgung der M\u00f6bel sein. Fehlende Originalverpackung ist nicht wichtig. Die Kosten, um die M\u00f6bel wieder an Kvalitetsm\u00f8bler.dk zu Lasten des Kunden. Haftungsausschluss Kvalitetsm\u00f8bler.dk jede Lieferung und Lieferzeit. Aktualisiert 26. M\u00e4rz\" \/>\n<meta name=\"robots\" content=\"index, follow\" \/>\n<meta name=\"googlebot\" content=\"index, follow, max-snippet:-1, max-image-preview:large, max-video-preview:-1\" \/>\n<meta name=\"bingbot\" content=\"index, follow, max-snippet:-1, max-image-preview:large, max-video-preview:-1\" \/>\n<link rel=\"canonical\" href=\"https:\/\/www.kvalitetsmoebler.dk\/de\/salgs-og-leveringsbetingelser\/\" \/>\n<meta name=\"twitter:card\" content=\"summary_large_image\" \/>\n<meta name=\"twitter:title\" content=\"Allgemeine Gesch\u00e4ftsbedingungen\" \/>\n<meta name=\"twitter:description\" content=\"Garantie Es ist ein 2-Jahres-Garantie Garantie ab Kaufdatum im Rahmen der damals einj\u00e4hrigen Herstellergarantie geliefert. Die Garantie erlischt nat\u00fcrlich auf normalem Verschlei\u00df. Versandkosten Zugegeben, 14 Tage, um abzubrechen. Das Recht beginnt mit dem Moment, wenn der Artikel an den Kunden \u00fcbertragen wird. Sollte der Kauf r\u00fcckg\u00e4ngig gemacht innerhalb von 14 Tagen werden wir den Kaufpreis zur\u00fcckerstatten werden. Um dieses Recht zu nutzen, m\u00fcssen die M\u00f6bel nat\u00fcrlich im gleichen Zustand wie bei der Entsorgung der M\u00f6bel sein. Fehlende Originalverpackung ist nicht wichtig. Die Kosten, um die M\u00f6bel wieder an Kvalitetsm\u00f8bler.dk zu Lasten des Kunden. Haftungsausschluss Kvalitetsm\u00f8bler.dk jede Lieferung und Lieferzeit. Aktualisiert 26. M\u00e4rz\" \/>\n<meta name=\"twitter:creator\" content=\"@webcoders\" \/>\n<script type=\"application\/ld+json\" class=\"yoast-schema-graph\">{\"@context\":\"https:\/\/schema.org\",\"@graph\":[{\"@type\":\"WebSite\",\"@id\":\"https:\/\/www.kvalitetsmoebler.dk\/de\/#website\",\"url\":\"https:\/\/www.kvalitetsmoebler.dk\/de\/\",\"name\":\"Kvalitetsmoebler.dk\",\"description\":\"M\\u00f6bel aus Eichenholz bester Qualit\\u00e4t\",\"potentialAction\":[{\"@type\":\"SearchAction\",\"target\":\"https:\/\/www.kvalitetsmoebler.dk\/de\/?s={search_term_string}\",\"query-input\":\"required name=search_term_string\"}],\"inLanguage\":\"de-DE\"},{\"@type\":\"WebPage\",\"@id\":\"https:\/\/www.kvalitetsmoebler.dk\/de\/salgs-og-leveringsbetingelser\/#webpage\",\"url\":\"https:\/\/www.kvalitetsmoebler.dk\/de\/salgs-og-leveringsbetingelser\/\",\"name\":\"Allgemeine Gesch\\u00e4ftsbedingungen\",\"isPartOf\":{\"@id\":\"https:\/\/www.kvalitetsmoebler.dk\/de\/#website\"},\"datePublished\":\"2012-05-24T10:52:56+00:00\",\"dateModified\":\"2012-06-14T13:32:01+00:00\",\"description\":\"Garantie Es ist ein 2-Jahres-Garantie Garantie ab Kaufdatum im Rahmen der damals einj\\u00e4hrigen Herstellergarantie geliefert. Die Garantie erlischt nat\\u00fcrlich auf normalem Verschlei\\u00df. Versandkosten Zugegeben, 14 Tage, um abzubrechen. Das Recht beginnt mit dem Moment, wenn der Artikel an den Kunden \\u00fcbertragen wird. Sollte der Kauf r\\u00fcckg\\u00e4ngig gemacht innerhalb von 14 Tagen werden wir den Kaufpreis zur\\u00fcckerstatten werden. Um dieses Recht zu nutzen, m\\u00fcssen die M\\u00f6bel nat\\u00fcrlich im gleichen Zustand wie bei der Entsorgung der M\\u00f6bel sein. Fehlende Originalverpackung ist nicht wichtig. Die Kosten, um die M\\u00f6bel wieder an Kvalitetsm\\u00f8bler.dk zu Lasten des Kunden. Haftungsausschluss Kvalitetsm\\u00f8bler.dk jede Lieferung und Lieferzeit. Aktualisiert 26. M\\u00e4rz\",\"inLanguage\":\"de-DE\",\"potentialAction\":[{\"@type\":\"ReadAction\",\"target\":[\"https:\/\/www.kvalitetsmoebler.dk\/de\/salgs-og-leveringsbetingelser\/\"]}]}]}<\/script>\n<!-- \/ Yoast SEO plugin. -->","_links":{"self":[{"href":"https:\/\/www.kvalitetsmoebler.dk\/de\/wp-json\/wp\/v2\/pages\/77"}],"collection":[{"href":"https:\/\/www.kvalitetsmoebler.dk\/de\/wp-json\/wp\/v2\/pages"}],"about":[{"href":"https:\/\/www.kvalitetsmoebler.dk\/de\/wp-json\/wp\/v2\/types\/page"}],"author":[{"embeddable":true,"href":"https:\/\/www.kvalitetsmoebler.dk\/de\/wp-json\/wp\/v2\/users\/1"}],"replies":[{"embeddable":true,"href":"https:\/\/www.kvalitetsmoebler.dk\/de\/wp-json\/wp\/v2\/comments?post=77"}],"version-history":[{"count":9,"href":"https:\/\/www.kvalitetsmoebler.dk\/de\/wp-json\/wp\/v2\/pages\/77\/revisions"}],"predecessor-version":[{"id":322,"href":"https:\/\/www.kvalitetsmoebler.dk\/de\/wp-json\/wp\/v2\/pages\/77\/revisions\/322"}],"wp:attachment":[{"href":"https:\/\/www.kvalitetsmoebler.dk\/de\/wp-json\/wp\/v2\/media?parent=77"}],"curies":[{"name":"wp","href":"https:\/\/api.w.org\/{rel}","templated":true}]}}