{"id":81,"date":"2012-05-24T11:39:31","date_gmt":"2012-05-24T11:39:31","guid":{"rendered":"https:\/\/www.kvalitetsmoebler.dk\/de\/?page_id=81"},"modified":"2012-06-14T10:47:27","modified_gmt":"2012-06-14T10:47:27","slug":"forside","status":"publish","type":"page","link":"https:\/\/www.kvalitetsmoebler.dk\/de\/","title":{"rendered":"nach Hause"},"content":{"rendered":"<p>&nbsp;<\/p>\n<p>&nbsp;<\/p>\n<p>Wenn die B\u00e4ume des Waldes Spielfiguren eines Schachspiels vertreten sollten, w\u00e4ren die verschiedenen Nadelb\u00e4ume die Bauern. Die sch\u00f6ne gro\u00dfe Buche w\u00e4re die K\u00f6nigin, aber die Eiche w\u00e4re zweifelsohne der K\u00f6nig.<\/p>\n<p>In D\u00e4nemark gaben wir immer der Eiche als M\u00f6belholz den Vorzug, und zwar seit den Wikingern, die das Eichenholz f\u00fcr den K\u00f6nigsthron und als Eckpfeiler ihrer Langh\u00e4user verwendeten, wenn etwas besonders fest und dauerhaft sein sollte. Vor einer Generation zierten die Eichenholzm\u00f6bel die d\u00e4nischen H\u00e4user, w\u00e4hrend wir uns damit begn\u00fcgten, die d\u00e4nischen Sommerh\u00e4user mit Nadelholz zu m\u00f6blieren.<\/p>\n<p>Heutzutage ist dann das Eichenholz wegen seiner sch\u00f6nen und unbehandelten Natur das vorgezogene M\u00f6belholz der D\u00e4nen. Nur unbehandelt ist es nicht, da es wegen der ganz richtigen, wei\u00df pigmentierten M\u00f6bel\u00f6l als noch sch\u00f6ner und wesentlich dauerhafter und anwendungsfreundlicher hervorgeht.<\/p>\n<p>Bei <em>kvalitetsm\u00f8bler.dk <\/em>halten wir daran fest, Eichenholzm\u00f6bel sehr hoher Qualit\u00e4t zu verkaufen, und zwar zu den unbedingt niedrigsten Preisen. Lediglich das allerbeste europ\u00e4ische Eichenholz wird f\u00fcr unsere M\u00f6bel verwendet, und lediglich das allerbeste Leder wird f\u00fcr unsere St\u00fchle geduldet. M\u00f6chten Sie als Eichenholzm\u00f6bel von Spitzenqualit\u00e4t, wollen Sie aber nur niedrige Preise bezahlen, dann sind Sie an den Rechten geraten, und zwar unter Garantie.<\/p>\n<p><em>kvalitetsm\u00f8bler.dk <\/em>hei\u00dft Sie willkommen!<br \/>\n<a title=\"Kvalitetsm\u00f8bler Dk\" href=\"https:\/\/www.facebook.com\/kvalitetsmoebler\" target=\"_TOP\"><img src=\"https:\/\/www.kvalitetsmoebler.dk\/de\/wp-content\/uploads\/2012\/05\/100002039714710.1224.1368729148.png\" alt=\"\" \/><\/a><\/p>\n","protected":false},"excerpt":{"rendered":"<p>&nbsp; &nbsp; Wenn die B\u00e4ume des Waldes Spielfiguren eines Schachspiels vertreten sollten, w\u00e4ren die verschiedenen Nadelb\u00e4ume die Bauern. Die sch\u00f6ne gro\u00dfe Buche w\u00e4re die K\u00f6nigin, aber die Eiche w\u00e4re zweifelsohne der K\u00f6nig. In D\u00e4nemark gaben wir immer der Eiche als M\u00f6belholz den Vorzug, und zwar seit den Wikingern, die das Eichenholz f\u00fcr den K\u00f6nigsthron und [&hellip;]<\/p>\n","protected":false},"author":1,"featured_media":0,"parent":0,"menu_order":0,"comment_status":"open","ping_status":"open","template":"","meta":[],"yoast_head":"<!-- This site is optimized with the Yoast SEO plugin v14.4.1 - https:\/\/yoast.com\/wordpress\/plugins\/seo\/ -->\n<meta name=\"description\" content=\"M\u00f6bel, spezialisiert auf exklusive Eichenm\u00f6bel von guter Qualit\u00e4t. Die M\u00f6bel sind von 150 bis 170\u00e5rs alte Eiche\" \/>\n<meta name=\"robots\" content=\"index, follow\" \/>\n<meta name=\"googlebot\" content=\"index, follow, max-snippet:-1, max-image-preview:large, max-video-preview:-1\" \/>\n<meta name=\"bingbot\" content=\"index, follow, max-snippet:-1, max-image-preview:large, max-video-preview:-1\" \/>\n<link rel=\"canonical\" href=\"https:\/\/www.kvalitetsmoebler.dk\/de\/\" \/>\n<meta name=\"twitter:card\" content=\"summary_large_image\" \/>\n<meta name=\"twitter:title\" content=\"Eiche M\u00f6bel Shop \/ Online Shop Shop\" \/>\n<meta name=\"twitter:description\" content=\"M\u00f6bel, spezialisiert auf exklusive Eichenm\u00f6bel von guter Qualit\u00e4t. Die M\u00f6bel sind von 150 bis 170\u00e5rs alte Eiche\" \/>\n<meta name=\"twitter:image\" content=\"https:\/\/www.kvalitetsmoebler.dk\/de\/wp-content\/uploads\/2012\/05\/100002039714710.1224.1368729148.png\" \/>\n<meta name=\"twitter:creator\" content=\"@webcoders\" \/>\n<script type=\"application\/ld+json\" class=\"yoast-schema-graph\">{\"@context\":\"https:\/\/schema.org\",\"@graph\":[{\"@type\":\"WebSite\",\"@id\":\"https:\/\/www.kvalitetsmoebler.dk\/de\/#website\",\"url\":\"https:\/\/www.kvalitetsmoebler.dk\/de\/\",\"name\":\"Kvalitetsmoebler.dk\",\"description\":\"M\\u00f6bel aus Eichenholz bester Qualit\\u00e4t\",\"potentialAction\":[{\"@type\":\"SearchAction\",\"target\":\"https:\/\/www.kvalitetsmoebler.dk\/de\/?s={search_term_string}\",\"query-input\":\"required name=search_term_string\"}],\"inLanguage\":\"de-DE\"},{\"@type\":\"ImageObject\",\"@id\":\"https:\/\/www.kvalitetsmoebler.dk\/de\/#primaryimage\",\"inLanguage\":\"de-DE\",\"url\":\"https:\/\/www.kvalitetsmoebler.dk\/de\/wp-content\/uploads\/2012\/05\/100002039714710.1224.1368729148.png\",\"width\":\"360\",\"height\":\"93\"},{\"@type\":\"WebPage\",\"@id\":\"https:\/\/www.kvalitetsmoebler.dk\/de\/#webpage\",\"url\":\"https:\/\/www.kvalitetsmoebler.dk\/de\/\",\"name\":\"Eiche M\\u00f6bel Shop \/ Online Shop Shop\",\"isPartOf\":{\"@id\":\"https:\/\/www.kvalitetsmoebler.dk\/de\/#website\"},\"primaryImageOfPage\":{\"@id\":\"https:\/\/www.kvalitetsmoebler.dk\/de\/#primaryimage\"},\"datePublished\":\"2012-05-24T11:39:31+00:00\",\"dateModified\":\"2012-06-14T10:47:27+00:00\",\"description\":\"M\\u00f6bel, spezialisiert auf exklusive Eichenm\\u00f6bel von guter Qualit\\u00e4t. Die M\\u00f6bel sind von 150 bis 170\\u00e5rs alte Eiche\",\"inLanguage\":\"de-DE\",\"potentialAction\":[{\"@type\":\"ReadAction\",\"target\":[\"https:\/\/www.kvalitetsmoebler.dk\/de\/\"]}]}]}<\/script>\n<!-- \/ Yoast SEO plugin. -->","_links":{"self":[{"href":"https:\/\/www.kvalitetsmoebler.dk\/de\/wp-json\/wp\/v2\/pages\/81"}],"collection":[{"href":"https:\/\/www.kvalitetsmoebler.dk\/de\/wp-json\/wp\/v2\/pages"}],"about":[{"href":"https:\/\/www.kvalitetsmoebler.dk\/de\/wp-json\/wp\/v2\/types\/page"}],"author":[{"embeddable":true,"href":"https:\/\/www.kvalitetsmoebler.dk\/de\/wp-json\/wp\/v2\/users\/1"}],"replies":[{"embeddable":true,"href":"https:\/\/www.kvalitetsmoebler.dk\/de\/wp-json\/wp\/v2\/comments?post=81"}],"version-history":[{"count":13,"href":"https:\/\/www.kvalitetsmoebler.dk\/de\/wp-json\/wp\/v2\/pages\/81\/revisions"}],"predecessor-version":[{"id":310,"href":"https:\/\/www.kvalitetsmoebler.dk\/de\/wp-json\/wp\/v2\/pages\/81\/revisions\/310"}],"wp:attachment":[{"href":"https:\/\/www.kvalitetsmoebler.dk\/de\/wp-json\/wp\/v2\/media?parent=81"}],"curies":[{"name":"wp","href":"https:\/\/api.w.org\/{rel}","templated":true}]}}