{"id":91,"date":"2012-05-24T11:51:04","date_gmt":"2012-05-24T11:51:04","guid":{"rendered":"https:\/\/www.kvalitetsmoebler.dk\/de\/?page_id=91"},"modified":"2012-06-14T13:33:03","modified_gmt":"2012-06-14T13:33:03","slug":"klare-fordele","status":"publish","type":"page","link":"https:\/\/www.kvalitetsmoebler.dk\/de\/klare-fordele\/","title":{"rendered":"klare Vorteile"},"content":{"rendered":"<p>Die wesentlichsten Vorteile, M\u00f6bel von kvalitetsm\u00f8bler.dk zu kaufen:<br \/>\n1) Die Qualit\u00e4t ist einfach echt prima.<\/p>\n<p>2) ALLE Preise sind einigerma\u00dfen unter dem Ladenpreis.<\/p>\n<p>3) Alle M\u00f6bel sind auf Lager<\/p>\n<p>4) Alle M\u00f6bel werden dem Kunden von uns selbst angeliefert.<\/p>\n<p>5) Unter 1 % Reklamation \u00fcber unsere M\u00f6bel.<\/p>\n<p>6) Keine Vorausbezahlung. Die Bezahlung vollzieht sich, nachdem die M\u00f6bel im Haus des Kunden aufgestellt worden sind.<\/p>\n<p>7) 24 Monate Garantie plus eines VOLLEN Rechts auf R\u00fcckgabe aller M\u00f6bel innerhalb von 14 Tagen, auch derjenigen M\u00f6bel, die speziell nach den W\u00fcnschen des Kunden hergestellt sind.<\/p>\n<p>8) Das Gesch\u00e4ft hat JEDEN TAG ge\u00f6ffnet, und JEDEN TAG findet Produktlieferung statt.<\/p>\n<p>9) Alle Tische und zus\u00e4tzlichen Platten werden nach der Aufstellung noch einmal ge\u00f6lt und geseift, bevor wir das Haus des Kunden verlassen.<\/p>\n<p>10) Alle M\u00f6bel sind aus erstklassiger europ\u00e4ischer Eiche hergestellt \u2013 keine M\u00f6bel aus China bei kvalitetsm\u00f8bler.dk.<\/p>\n<p>11)\u00a0 Alle St\u00fchle sind mit echtem Leder absolut erster Klasse gepolstert \u2013 Nichts Synthetisches bei kvalitetsm\u00f8bler.dk.<\/p>\n<p>12) Alle Anrichten und Vitrinen werden mit dem unbedingt besten \u201cSoft Lock\u201c-System montiert.<\/p>\n","protected":false},"excerpt":{"rendered":"<p>Die wesentlichsten Vorteile, M\u00f6bel von kvalitetsm\u00f8bler.dk zu kaufen: 1) Die Qualit\u00e4t ist einfach echt prima. 2) ALLE Preise sind einigerma\u00dfen unter dem Ladenpreis. 3) Alle M\u00f6bel sind auf Lager 4) Alle M\u00f6bel werden dem Kunden von uns selbst angeliefert. 5) Unter 1 % Reklamation \u00fcber unsere M\u00f6bel. 6) Keine Vorausbezahlung. Die Bezahlung vollzieht sich, nachdem [&hellip;]<\/p>\n","protected":false},"author":1,"featured_media":0,"parent":0,"menu_order":0,"comment_status":"open","ping_status":"open","template":"","meta":[],"yoast_head":"<!-- This site is optimized with the Yoast SEO plugin v14.4.1 - https:\/\/yoast.com\/wordpress\/plugins\/seo\/ -->\n<meta name=\"robots\" content=\"index, follow\" \/>\n<meta name=\"googlebot\" content=\"index, follow, max-snippet:-1, max-image-preview:large, max-video-preview:-1\" \/>\n<meta name=\"bingbot\" content=\"index, follow, max-snippet:-1, max-image-preview:large, max-video-preview:-1\" \/>\n<link rel=\"canonical\" href=\"https:\/\/www.kvalitetsmoebler.dk\/de\/klare-fordele\/\" \/>\n<meta name=\"twitter:card\" content=\"summary_large_image\" \/>\n<meta name=\"twitter:title\" content=\"klare Vorteile\" \/>\n<meta name=\"twitter:description\" content=\"Die wesentlichsten Vorteile, M\u00f6bel von kvalitetsm\u00f8bler.dk zu kaufen: 1) Die Qualit\u00e4t ist einfach echt prima. 2) ALLE Preise sind einigerma\u00dfen unter dem Ladenpreis. 3) Alle M\u00f6bel sind auf Lager 4) Alle M\u00f6bel werden dem Kunden von uns selbst angeliefert. 5) Unter 1 % Reklamation \u00fcber unsere M\u00f6bel. 6) Keine Vorausbezahlung. Die Bezahlung vollzieht sich, nachdem [&hellip;]\" \/>\n<meta name=\"twitter:creator\" content=\"@webcoders\" \/>\n<script type=\"application\/ld+json\" class=\"yoast-schema-graph\">{\"@context\":\"https:\/\/schema.org\",\"@graph\":[{\"@type\":\"WebSite\",\"@id\":\"https:\/\/www.kvalitetsmoebler.dk\/de\/#website\",\"url\":\"https:\/\/www.kvalitetsmoebler.dk\/de\/\",\"name\":\"Kvalitetsmoebler.dk\",\"description\":\"M\\u00f6bel aus Eichenholz bester Qualit\\u00e4t\",\"potentialAction\":[{\"@type\":\"SearchAction\",\"target\":\"https:\/\/www.kvalitetsmoebler.dk\/de\/?s={search_term_string}\",\"query-input\":\"required name=search_term_string\"}],\"inLanguage\":\"de-DE\"},{\"@type\":\"WebPage\",\"@id\":\"https:\/\/www.kvalitetsmoebler.dk\/de\/klare-fordele\/#webpage\",\"url\":\"https:\/\/www.kvalitetsmoebler.dk\/de\/klare-fordele\/\",\"name\":\"klare Vorteile\",\"isPartOf\":{\"@id\":\"https:\/\/www.kvalitetsmoebler.dk\/de\/#website\"},\"datePublished\":\"2012-05-24T11:51:04+00:00\",\"dateModified\":\"2012-06-14T13:33:03+00:00\",\"inLanguage\":\"de-DE\",\"potentialAction\":[{\"@type\":\"ReadAction\",\"target\":[\"https:\/\/www.kvalitetsmoebler.dk\/de\/klare-fordele\/\"]}]}]}<\/script>\n<!-- \/ Yoast SEO plugin. -->","_links":{"self":[{"href":"https:\/\/www.kvalitetsmoebler.dk\/de\/wp-json\/wp\/v2\/pages\/91"}],"collection":[{"href":"https:\/\/www.kvalitetsmoebler.dk\/de\/wp-json\/wp\/v2\/pages"}],"about":[{"href":"https:\/\/www.kvalitetsmoebler.dk\/de\/wp-json\/wp\/v2\/types\/page"}],"author":[{"embeddable":true,"href":"https:\/\/www.kvalitetsmoebler.dk\/de\/wp-json\/wp\/v2\/users\/1"}],"replies":[{"embeddable":true,"href":"https:\/\/www.kvalitetsmoebler.dk\/de\/wp-json\/wp\/v2\/comments?post=91"}],"version-history":[{"count":9,"href":"https:\/\/www.kvalitetsmoebler.dk\/de\/wp-json\/wp\/v2\/pages\/91\/revisions"}],"predecessor-version":[{"id":301,"href":"https:\/\/www.kvalitetsmoebler.dk\/de\/wp-json\/wp\/v2\/pages\/91\/revisions\/301"}],"wp:attachment":[{"href":"https:\/\/www.kvalitetsmoebler.dk\/de\/wp-json\/wp\/v2\/media?parent=91"}],"curies":[{"name":"wp","href":"https:\/\/api.w.org\/{rel}","templated":true}]}}