{"id":96,"date":"2012-05-24T12:02:13","date_gmt":"2012-05-24T12:02:13","guid":{"rendered":"https:\/\/www.kvalitetsmoebler.dk\/de\/?page_id=96"},"modified":"2013-07-30T08:17:09","modified_gmt":"2013-07-30T08:17:09","slug":"hvem-er-vi","status":"publish","type":"page","link":"https:\/\/www.kvalitetsmoebler.dk\/de\/hvem-er-vi\/","title":{"rendered":"Wer sind wir?"},"content":{"rendered":"<table>\n<tbody>\n<tr>\n<td><\/td>\n<td>\n<h3>Indehaver Flemming Hansen<\/h3>\n<\/td>\n<\/tr>\n<tr>\n<td style=\"padding: 10px 15px 10px 0;\"><img alt=\"\" src=\"https:\/\/www.kvalitetsmoebler.dk\/de\/wp-content\/uploads\/2012\/05\/Flemming.jpg\" \/><\/td>\n<td style=\"padding: 10px 0 25px;\">Es ist mir, rufen Sie an 45+40 43 71 09.Det &#8216;s mir, dass Sie E-Mail an die <a href=\"mailto:Flemming@kvalitetsmoebler.dk\">Flemming@kvalitetsmoebler.dk<\/a> Ich bin es, Ihnen alle Fragen auf der Website zu beantworten. Es ist mir trifft man auf die verschiedenen Geh\u00e4use-und M\u00f6belmessen rund um D\u00e4nemark. Es ist mir, wer die M\u00f6bel nach Hause, direkt ab Werk in Eiche Mutterland &#8211; Litauen. Ich bin es, der kommt zu Ihnen mit Ihrer M\u00f6bel, der die M\u00f6bel gibt einen extra Zeit \u00d6l oder Seife, als ich die M\u00f6bel stellen in Ihr Zuhause.<\/td>\n<\/tr>\n<\/tbody>\n<\/table>\n","protected":false},"excerpt":{"rendered":"<p>Indehaver Flemming Hansen Es ist mir, rufen Sie an 45+40 43 71 09.Det &#8216;s mir, dass Sie E-Mail an die Flemming@kvalitetsmoebler.dk Ich bin es, Ihnen alle Fragen auf der Website zu beantworten. Es ist mir trifft man auf die verschiedenen Geh\u00e4use-und M\u00f6belmessen rund um D\u00e4nemark. Es ist mir, wer die M\u00f6bel nach Hause, direkt ab [&hellip;]<\/p>\n","protected":false},"author":1,"featured_media":0,"parent":0,"menu_order":0,"comment_status":"open","ping_status":"open","template":"","meta":[],"yoast_head":"<!-- This site is optimized with the Yoast SEO plugin v14.4.1 - https:\/\/yoast.com\/wordpress\/plugins\/seo\/ -->\n<meta name=\"robots\" content=\"index, follow\" \/>\n<meta name=\"googlebot\" content=\"index, follow, max-snippet:-1, max-image-preview:large, max-video-preview:-1\" \/>\n<meta name=\"bingbot\" content=\"index, follow, max-snippet:-1, max-image-preview:large, max-video-preview:-1\" \/>\n<link rel=\"canonical\" href=\"https:\/\/www.kvalitetsmoebler.dk\/de\/hvem-er-vi\/\" \/>\n<meta name=\"twitter:card\" content=\"summary_large_image\" \/>\n<meta name=\"twitter:title\" content=\"Wer sind wir?\" \/>\n<meta name=\"twitter:description\" content=\"Indehaver Flemming Hansen Es ist mir, rufen Sie an 45+40 43 71 09.Det &#8216;s mir, dass Sie E-Mail an die Flemming@kvalitetsmoebler.dk Ich bin es, Ihnen alle Fragen auf der Website zu beantworten. Es ist mir trifft man auf die verschiedenen Geh\u00e4use-und M\u00f6belmessen rund um D\u00e4nemark. Es ist mir, wer die M\u00f6bel nach Hause, direkt ab [&hellip;]\" \/>\n<meta name=\"twitter:image\" content=\"https:\/\/www.kvalitetsmoebler.dk\/de\/wp-content\/uploads\/2012\/05\/Flemming.jpg\" \/>\n<meta name=\"twitter:creator\" content=\"@webcoders\" \/>\n<script type=\"application\/ld+json\" class=\"yoast-schema-graph\">{\"@context\":\"https:\/\/schema.org\",\"@graph\":[{\"@type\":\"WebSite\",\"@id\":\"https:\/\/www.kvalitetsmoebler.dk\/de\/#website\",\"url\":\"https:\/\/www.kvalitetsmoebler.dk\/de\/\",\"name\":\"Kvalitetsmoebler.dk\",\"description\":\"M\\u00f6bel aus Eichenholz bester Qualit\\u00e4t\",\"potentialAction\":[{\"@type\":\"SearchAction\",\"target\":\"https:\/\/www.kvalitetsmoebler.dk\/de\/?s={search_term_string}\",\"query-input\":\"required name=search_term_string\"}],\"inLanguage\":\"de-DE\"},{\"@type\":\"ImageObject\",\"@id\":\"https:\/\/www.kvalitetsmoebler.dk\/de\/hvem-er-vi\/#primaryimage\",\"inLanguage\":\"de-DE\",\"url\":\"https:\/\/www.kvalitetsmoebler.dk\/de\/wp-content\/uploads\/2012\/05\/Flemming.jpg\",\"width\":\"150\",\"height\":\"224\"},{\"@type\":\"WebPage\",\"@id\":\"https:\/\/www.kvalitetsmoebler.dk\/de\/hvem-er-vi\/#webpage\",\"url\":\"https:\/\/www.kvalitetsmoebler.dk\/de\/hvem-er-vi\/\",\"name\":\"Wer sind wir?\",\"isPartOf\":{\"@id\":\"https:\/\/www.kvalitetsmoebler.dk\/de\/#website\"},\"primaryImageOfPage\":{\"@id\":\"https:\/\/www.kvalitetsmoebler.dk\/de\/hvem-er-vi\/#primaryimage\"},\"datePublished\":\"2012-05-24T12:02:13+00:00\",\"dateModified\":\"2013-07-30T08:17:09+00:00\",\"inLanguage\":\"de-DE\",\"potentialAction\":[{\"@type\":\"ReadAction\",\"target\":[\"https:\/\/www.kvalitetsmoebler.dk\/de\/hvem-er-vi\/\"]}]}]}<\/script>\n<!-- \/ Yoast SEO plugin. -->","_links":{"self":[{"href":"https:\/\/www.kvalitetsmoebler.dk\/de\/wp-json\/wp\/v2\/pages\/96"}],"collection":[{"href":"https:\/\/www.kvalitetsmoebler.dk\/de\/wp-json\/wp\/v2\/pages"}],"about":[{"href":"https:\/\/www.kvalitetsmoebler.dk\/de\/wp-json\/wp\/v2\/types\/page"}],"author":[{"embeddable":true,"href":"https:\/\/www.kvalitetsmoebler.dk\/de\/wp-json\/wp\/v2\/users\/1"}],"replies":[{"embeddable":true,"href":"https:\/\/www.kvalitetsmoebler.dk\/de\/wp-json\/wp\/v2\/comments?post=96"}],"version-history":[{"count":25,"href":"https:\/\/www.kvalitetsmoebler.dk\/de\/wp-json\/wp\/v2\/pages\/96\/revisions"}],"predecessor-version":[{"id":109,"href":"https:\/\/www.kvalitetsmoebler.dk\/de\/wp-json\/wp\/v2\/pages\/96\/revisions\/109"}],"wp:attachment":[{"href":"https:\/\/www.kvalitetsmoebler.dk\/de\/wp-json\/wp\/v2\/media?parent=96"}],"curies":[{"name":"wp","href":"https:\/\/api.w.org\/{rel}","templated":true}]}}